{"id":457,"date":"2022-03-21T09:34:51","date_gmt":"2022-03-21T09:34:51","guid":{"rendered":"https:\/\/empleadospublicosenabuso.org\/?page_id=457"},"modified":"2023-07-02T12:18:37","modified_gmt":"2023-07-02T11:18:37","slug":"videos","status":"publish","type":"page","link":"https:\/\/empleadospublicosenabuso.org\/index.php\/videos\/","title":{"rendered":"V\u00eddeos"},"content":{"rendered":"<section class=\"l-section wpb_row height_medium\"><div class=\"l-section-h i-cf\"><div class=\"g-cols vc_row via_grid cols_1 laptops-cols_inherit tablets-cols_inherit mobiles-cols_1 valign_top type_default stacking_default\"><div class=\"wpb_column vc_column_container\"><div class=\"vc_column-inner\"><div class=\"g-cols wpb_row via_grid cols_2 laptops-cols_inherit tablets-cols_inherit mobiles-cols_1 valign_top type_default stacking_default\"><div class=\"wpb_column vc_column_container\"><div class=\"vc_column-inner\"><div class=\"w-video align_none ratio_16x9 has_iframe\"><div class=\"w-video-h\"><iframe title=\"Youtube video player\" src=\"\/\/www.youtube.com\/embed\/tyP3dQgoMQA?origin=https:\/\/empleadospublicosenabuso.org&controls=1\" allowfullscreen=\"1\" loading=\"lazy\"><\/iframe><\/div><div class=\"w-video-icon\" style=\"font-size:1.5rem;background:rgba(0,0,0,0.5);color:#fff\"><\/div><\/div><div class=\"w-separator size_small\"><\/div><div class=\"wpb_text_column\"><div class=\"wpb_wrapper\"><h3 class=\"title style-scope ytd-video-primary-info-renderer\">Presentaci\u00f3n de NAVAS&amp;CUS\u00cd en defensa de EMPLEADOS P\u00daBLICOS EN ABUSO ante la Uni\u00f3n Europea<\/h3>\n<p>Explicaci\u00f3n de las acciones a llevar a cabo desde el despacho Navas&amp;Cus\u00ed representando jur\u00eddicamente a la Asociaci\u00f3n Nacional EPA Empleados P\u00fablicos en Abuso.<\/p>\n<\/div><\/div><div class=\"w-separator size_small\"><\/div><div class=\"w-separator size_small\"><\/div><div class=\"w-video align_none ratio_16x9 has_iframe\"><div class=\"w-video-h\"><iframe title=\"Youtube video player\" src=\"\/\/www.youtube.com\/embed\/DrUno34FFII?origin=https:\/\/empleadospublicosenabuso.org&controls=1\" allowfullscreen=\"1\" loading=\"lazy\"><\/iframe><\/div><div class=\"w-video-icon\" style=\"font-size:1.5rem;background:rgba(0,0,0,0.5);color:#fff\"><\/div><\/div><div class=\"w-separator size_small\"><\/div><div class=\"wpb_text_column\"><div class=\"wpb_wrapper\"><h3 class=\"title style-scope ytd-video-primary-info-renderer\">2. EPA-NAVAS respuesta TJUE 5-01-2022<\/h3>\n<p>Segundo v\u00eddeo EPA-NAVAS. Con preguntas y respuestas sobre la respuesta recibida del TJUE a la queja presentada el 5 de enero de 2022.<\/p>\n<\/div><\/div><div class=\"w-separator size_small\"><\/div><div class=\"w-separator size_small\"><\/div><div class=\"w-video align_none ratio_16x9 has_iframe\"><div class=\"w-video-h\"><iframe title=\"Youtube video player\" src=\"\/\/www.youtube.com\/embed\/llOZQXb92bE?origin=https:\/\/empleadospublicosenabuso.org&controls=1\" allowfullscreen=\"1\" loading=\"lazy\"><\/iframe><\/div><div class=\"w-video-icon\" style=\"font-size:1.5rem;background:rgba(0,0,0,0.5);color:#fff\"><\/div><\/div><div class=\"w-separator size_small\"><\/div><div class=\"wpb_text_column\"><div class=\"wpb_wrapper\"><h3 class=\"title style-scope ytd-video-primary-info-renderer\">4. EPA-NAVAS PROCEDIMIENTOS INICIADOS Y CESES<\/h3>\n<p>Ante las numerosas cuestiones planteadas por los EPAs, en este 4\u00ba v\u00eddeo se pregunta por varias cuestiones importantes. Por un lado, acerca de los procedimientos iniciados en Espa\u00f1a, pues parte del colectivo no sabe si continuar con ellos o desistir de los mismos. Y, por otro, sobre qu\u00e9 hacer si se produce el cese en nuestro caso. Nota: cada letrado tiene su forma de trabajar y asesora a sus clientes de la forma que considera m\u00e1s conveniente. No obstante, es el representado o cliente el que toma las decisiones y tiene la \u00faltima palabra.<\/p>\n<\/div><\/div><div class=\"w-separator size_small\"><\/div><div class=\"w-video align_none ratio_16x9 has_iframe\"><div class=\"w-video-h\"><iframe title=\"Youtube video player\" src=\"\/\/www.youtube.com\/embed\/vSJVToU33DE?origin=https:\/\/empleadospublicosenabuso.org&controls=1\" allowfullscreen=\"1\" loading=\"lazy\"><\/iframe><\/div><div class=\"w-video-icon\" style=\"font-size:1.5rem;background:rgba(0,0,0,0.5);color:#fff\"><\/div><\/div><div class=\"w-separator size_small\"><\/div><div class=\"wpb_text_column\"><div class=\"wpb_wrapper\"><h3 class=\"title style-scope ytd-video-primary-info-renderer\">6. EPA-NAVAS. SENTENCIA TJUE 28-06-2022<\/h3>\n<p>Preguntas para el bufete de Navas&amp;Cus\u00ed sobre la sentencia del TJUE del 28-06-2022 que se centra en la responsabilidad del Estado por los da\u00f1os causados a los particulares por infracci\u00f3n del Derecho de la Uni\u00f3n: Espa\u00f1a ha incumplido las obligaciones que le incumben en virtud del principio de efectividad.<\/p>\n<\/div><\/div><div class=\"w-separator size_small\"><\/div><div class=\"w-video align_none ratio_16x9 has_iframe\"><div class=\"w-video-h\"><iframe title=\"Youtube video player\" src=\"\/\/www.youtube.com\/embed\/IHbwjtDpP3g?origin=https:\/\/empleadospublicosenabuso.org&controls=1\" allowfullscreen=\"1\" loading=\"lazy\"><\/iframe><\/div><div class=\"w-video-icon\" style=\"font-size:1.5rem;background:rgba(0,0,0,0.5);color:#fff\"><\/div><\/div><div class=\"w-separator size_small\"><\/div><div class=\"wpb_text_column\"><div class=\"wpb_wrapper\"><h3 class=\"title style-scope ytd-video-primary-info-renderer\">8. EPA-NAVAS. Parlamento Europeo y Procesos en Espa\u00f1a 31-10-2022<\/h3>\n<p>31-10-2022 8\u00ba V\u00cdDEO EPA-NAVAS. Parlamento Europeo y Procesos en Espa\u00f1a.<\/p>\n<\/div><\/div><div class=\"w-video align_none ratio_16x9 has_iframe\"><div class=\"w-video-h\"><iframe title=\"Youtube video player\" src=\"\/\/www.youtube.com\/embed\/6ywxFcKbXOs?origin=https:\/\/empleadospublicosenabuso.org&controls=1\" allowfullscreen=\"1\" loading=\"lazy\"><\/iframe><\/div><div class=\"w-video-icon\" style=\"font-size:1.5rem;background:rgba(0,0,0,0.5);color:#fff\"><\/div><\/div><div class=\"w-separator size_small\"><\/div><div class=\"wpb_text_column\"><div class=\"wpb_wrapper\"><h3 class=\"title style-scope ytd-video-primary-info-renderer\">10. EPA-NAVAS. Defensora del Pueblo Europea 14-05-2023<\/h3>\n<p>14-05-2023 10\u00ba V\u00cdDEO EPA-NAVAS. Defensora del Pueblo Europea. Ampliaci\u00f3n de informaci\u00f3n.<\/p>\n<\/div><\/div><div class=\"w-separator size_small\"><\/div><\/div><\/div><div class=\"wpb_column vc_column_container\"><div class=\"vc_column-inner\"><div class=\"w-video align_none ratio_16x9 has_iframe\"><div class=\"w-video-h\"><iframe title=\"Youtube video player\" src=\"\/\/www.youtube.com\/embed\/_P6t_xwNw3A?origin=https:\/\/empleadospublicosenabuso.org&controls=1\" allowfullscreen=\"1\" loading=\"lazy\"><\/iframe><\/div><div class=\"w-video-icon\" style=\"font-size:1.5rem;background:rgba(0,0,0,0.5);color:#fff\"><\/div><\/div><div class=\"w-separator size_small\"><\/div><div class=\"wpb_text_column\"><div class=\"wpb_wrapper\"><h3 class=\"title style-scope ytd-video-primary-info-renderer\">1. Conferencia EPA-NAVAS 28-02-2022<\/h3>\n<p>Explicaci\u00f3n de las acciones a llevar a cabo desde el despacho Navas&amp;Cus\u00ed representando jur\u00eddicamente a la Asociaci\u00f3n Nacional EPA Empleados P\u00fablicos en Abuso.<\/p>\n<\/div><\/div><div class=\"w-separator size_small\"><\/div><div class=\"w-separator size_small\"><\/div><div class=\"w-separator size_small\"><\/div><div class=\"w-separator size_small\"><\/div><div class=\"w-separator size_small\"><\/div><div class=\"w-video align_none ratio_16x9 has_iframe\"><div class=\"w-video-h\"><iframe title=\"Youtube video player\" src=\"\/\/www.youtube.com\/embed\/NCa4nCOOXuE?origin=https:\/\/empleadospublicosenabuso.org&controls=1\" allowfullscreen=\"1\" loading=\"lazy\"><\/iframe><\/div><div class=\"w-video-icon\" style=\"font-size:1.5rem;background:rgba(0,0,0,0.5);color:#fff\"><\/div><\/div><div class=\"w-separator size_small\"><\/div><div class=\"wpb_text_column\"><div class=\"wpb_wrapper\"><h3 class=\"title style-scope ytd-video-primary-info-renderer\">3. EPA-NAVAS 8-3-2022 Acciones ante CE, TJUE, Parlamento Europeo<\/h3>\n<p>Tercer v\u00eddeo EPA-NAVAS con preguntas y respuestas sobre la CE, el TJUE y Parlamento Europeo.<\/p>\n<\/div><\/div><div class=\"w-separator size_small\"><\/div><div class=\"w-separator size_small\"><\/div><div class=\"w-video align_none ratio_16x9 has_iframe\"><div class=\"w-video-h\"><iframe title=\"Youtube video player\" src=\"\/\/www.youtube.com\/embed\/i5KUGMKCiC4?origin=https:\/\/empleadospublicosenabuso.org&controls=1\" allowfullscreen=\"1\" loading=\"lazy\"><\/iframe><\/div><div class=\"w-video-icon\" style=\"font-size:1.5rem;background:rgba(0,0,0,0.5);color:#fff\"><\/div><\/div><div class=\"w-separator size_small\"><\/div><div class=\"wpb_text_column\"><div class=\"wpb_wrapper\"><h3 class=\"title style-scope ytd-video-primary-info-renderer\">5. EPA-NAVAS. LEY 20\/21 de medidas urgentes para la reducci\u00f3n de la temporalidad en el empleo p\u00fablico<\/h3>\n<p>Cuestiones planteadas por los EPAs sobre la Ley 20\/21 de medidas urgentes para la reducci\u00f3n de la temporalidad en el empleo p\u00fablico.<\/p>\n<\/div><\/div><div class=\"w-separator size_small\"><\/div><div class=\"w-separator size_small\"><\/div><div class=\"w-separator size_small\"><\/div><div class=\"w-separator size_small\"><\/div><div class=\"w-separator size_small\"><\/div><div class=\"w-separator size_small\"><\/div><div class=\"w-video align_none ratio_16x9 has_iframe\"><div class=\"w-video-h\"><iframe title=\"Youtube video player\" src=\"\/\/www.youtube.com\/embed\/nLJXHiwt0vM?origin=https:\/\/empleadospublicosenabuso.org&controls=1\" allowfullscreen=\"1\" loading=\"lazy\"><\/iframe><\/div><div class=\"w-video-icon\" style=\"font-size:1.5rem;background:rgba(0,0,0,0.5);color:#fff\"><\/div><\/div><div class=\"w-separator size_small\"><\/div><div class=\"wpb_text_column\"><div class=\"wpb_wrapper\"><h3 class=\"title style-scope ytd-video-primary-info-renderer\">7. EPA-NAVAS. OMBUDSMAN (Defensor del Pueblo Europeo) 24-10-2022<\/h3>\n<p>Preguntas para el bufete de Navas&amp;Cus\u00ed sobre la acci\u00f3n llevada a cabo ante el OMBUDSMAN (Defensor del Pueblo Europeo) el 24-10-2022.<\/p>\n<\/div><\/div><div class=\"w-separator size_small\"><\/div><div class=\"w-separator size_small\"><\/div><div class=\"w-separator size_small\"><\/div><div class=\"w-separator size_small\"><\/div><div class=\"w-video align_none ratio_16x9 has_iframe\"><div class=\"w-video-h\"><iframe title=\"Youtube video player\" src=\"\/\/www.youtube.com\/embed\/IJr0g2oau-g?origin=https:\/\/empleadospublicosenabuso.org&controls=1\" allowfullscreen=\"1\" loading=\"lazy\"><\/iframe><\/div><div class=\"w-video-icon\" style=\"font-size:1.5rem;background:rgba(0,0,0,0.5);color:#fff\"><\/div><\/div><div class=\"w-separator size_small\"><\/div><div class=\"wpb_text_column\"><div class=\"wpb_wrapper\"><h3>9\u00ba V\u00cdDEO EPA NAVAS. 22-12-2022 Defensora del Pueblo Europea.<\/h3>\n<p>Comentamos la respuesta recibida el 14-12-2022 de la Defensora del Pueblo Europea.<\/p>\n<\/div><\/div><div class=\"w-video align_none ratio_16x9 has_iframe\"><div class=\"w-video-h\"><iframe title=\"Youtube video player\" src=\"\/\/www.youtube.com\/embed\/Umw31REAtcY?origin=https:\/\/empleadospublicosenabuso.org&controls=1\" allowfullscreen=\"1\" loading=\"lazy\"><\/iframe><\/div><div class=\"w-video-icon\" style=\"font-size:1.5rem;background:rgba(0,0,0,0.5);color:#fff\"><\/div><\/div><div class=\"w-separator size_small\"><\/div><div class=\"wpb_text_column\"><div class=\"wpb_wrapper\"><h3 class=\"title style-scope ytd-video-primary-info-renderer\">11. EPA-NAVAS. Queja en Bruselas contra el Tribunal Supremo.<\/h3>\n<p>12-06-2023 11\u00ba V\u00cdDEO EPA-NAVAS. Acciones contra el Tribunal Supremo<\/p>\n<\/div><\/div><div class=\"w-separator size_small\"><\/div><div class=\"w-separator size_small\"><\/div><\/div><\/div><\/div><\/div><\/div><\/div><\/div><\/section><section class=\"l-section wpb_row height_medium\"><div class=\"l-section-h i-cf\"><div class=\"g-cols vc_row via_grid cols_1 laptops-cols_inherit tablets-cols_inherit mobiles-cols_1 valign_top type_default stacking_default\"><div class=\"wpb_column vc_column_container\"><div class=\"vc_column-inner\"><\/div><\/div><\/div><\/div><\/section>\n","protected":false},"excerpt":{"rendered":"Presentaci\u00f3n de NAVAS&amp;CUS\u00cd en defensa de EMPLEADOS P\u00daBLICOS EN ABUSO ante la Uni\u00f3n Europea Explicaci\u00f3n de las acciones a llevar a cabo desde el despacho Navas&amp;Cus\u00ed representando jur\u00eddicamente a la Asociaci\u00f3n Nacional EPA Empleados P\u00fablicos en Abuso. 2. EPA-NAVAS respuesta TJUE 5-01-2022 Segundo v\u00eddeo EPA-NAVAS. Con preguntas y respuestas sobre la respuesta recibida del TJUE...","protected":false},"author":1,"featured_media":0,"parent":0,"menu_order":0,"comment_status":"closed","ping_status":"closed","template":"","meta":{"footnotes":""},"acf":[],"_links":{"self":[{"href":"https:\/\/empleadospublicosenabuso.org\/index.php\/wp-json\/wp\/v2\/pages\/457"}],"collection":[{"href":"https:\/\/empleadospublicosenabuso.org\/index.php\/wp-json\/wp\/v2\/pages"}],"about":[{"href":"https:\/\/empleadospublicosenabuso.org\/index.php\/wp-json\/wp\/v2\/types\/page"}],"author":[{"embeddable":true,"href":"https:\/\/empleadospublicosenabuso.org\/index.php\/wp-json\/wp\/v2\/users\/1"}],"replies":[{"embeddable":true,"href":"https:\/\/empleadospublicosenabuso.org\/index.php\/wp-json\/wp\/v2\/comments?post=457"}],"version-history":[{"count":16,"href":"https:\/\/empleadospublicosenabuso.org\/index.php\/wp-json\/wp\/v2\/pages\/457\/revisions"}],"predecessor-version":[{"id":772,"href":"https:\/\/empleadospublicosenabuso.org\/index.php\/wp-json\/wp\/v2\/pages\/457\/revisions\/772"}],"wp:attachment":[{"href":"https:\/\/empleadospublicosenabuso.org\/index.php\/wp-json\/wp\/v2\/media?parent=457"}],"curies":[{"name":"wp","href":"https:\/\/api.w.org\/{rel}","templated":true}]}}