{"id":379,"date":"2022-03-16T10:25:40","date_gmt":"2022-03-16T10:25:40","guid":{"rendered":"https:\/\/empleadospublicosenabuso.org\/index.php\/thank_you\/"},"modified":"2022-03-17T09:13:05","modified_gmt":"2022-03-17T09:13:05","slug":"gracias-por-suscribirte","status":"publish","type":"page","link":"https:\/\/empleadospublicosenabuso.org\/index.php\/gracias-por-suscribirte\/","title":{"rendered":"Gracias por suscribirte"},"content":{"rendered":"<p><\/p>\n<h3 style=\"text-align: center;\">Gracias por suscribirte con nosotros, nos pondremos en contacto contigo muy pronto. Tras recibir el pago, tu usuario ser\u00e1 activado y ya podr\u00e1 acceder a su \u00e1rea privada.<\/h3>\n","protected":false},"excerpt":{"rendered":"<p>Gracias por suscribirte con nosotros, nos pondremos en contacto contigo muy pronto. Tras recibir el pago, tu usuario ser\u00e1 activado y ya podr\u00e1 acceder a su \u00e1rea privada.<\/p>\n","protected":false},"author":1,"featured_media":0,"parent":0,"menu_order":0,"comment_status":"closed","ping_status":"closed","template":"","meta":{"footnotes":""},"acf":[],"_links":{"self":[{"href":"https:\/\/empleadospublicosenabuso.org\/index.php\/wp-json\/wp\/v2\/pages\/379"}],"collection":[{"href":"https:\/\/empleadospublicosenabuso.org\/index.php\/wp-json\/wp\/v2\/pages"}],"about":[{"href":"https:\/\/empleadospublicosenabuso.org\/index.php\/wp-json\/wp\/v2\/types\/page"}],"author":[{"embeddable":true,"href":"https:\/\/empleadospublicosenabuso.org\/index.php\/wp-json\/wp\/v2\/users\/1"}],"replies":[{"embeddable":true,"href":"https:\/\/empleadospublicosenabuso.org\/index.php\/wp-json\/wp\/v2\/comments?post=379"}],"version-history":[{"count":0,"href":"https:\/\/empleadospublicosenabuso.org\/index.php\/wp-json\/wp\/v2\/pages\/379\/revisions"}],"wp:attachment":[{"href":"https:\/\/empleadospublicosenabuso.org\/index.php\/wp-json\/wp\/v2\/media?parent=379"}],"curies":[{"name":"wp","href":"https:\/\/api.w.org\/{rel}","templated":true}]}}