{"id":17,"date":"2021-11-21T21:40:22","date_gmt":"2021-11-21T20:40:22","guid":{"rendered":"http:\/\/empleadospublicosenabuso.org\/?page_id=17"},"modified":"2024-10-23T10:18:58","modified_gmt":"2024-10-23T09:18:58","slug":"contact","status":"publish","type":"page","link":"https:\/\/empleadospublicosenabuso.org\/index.php\/contact\/","title":{"rendered":"Contacto"},"content":{"rendered":"<section class=\"l-section wpb_row height_medium with_img\"><div class=\"l-section-img\" data-img-width=\"2405\" data-img-height=\"1647\" style=\"background-image: url(https:\/\/empleadospublicosenabuso.org\/wp-content\/uploads\/2024\/10\/Comision_Europea.jpg);background-position: center right;background-repeat: no-repeat;\"><\/div><div class=\"l-section-overlay\" style=\"background:rgba(51,51,51,0.75)\"><\/div><div class=\"l-section-h i-cf\"><div class=\"g-cols vc_row via_grid cols_1 laptops-cols_inherit tablets-cols_inherit mobiles-cols_1 valign_top type_default stacking_default\"><div class=\"wpb_column vc_column_container\"><div class=\"vc_column-inner\"><h1 class=\"w-post-elm post_title us_custom_6df4bc3a has_text_color entry-title color_link_inherit\">Contacto<\/h1><\/div><\/div><\/div><\/div><\/section><section class=\"l-section wpb_row height_medium\"><div class=\"l-section-h i-cf\"><div class=\"g-cols vc_row via_grid cols_2 laptops-cols_inherit tablets-cols_inherit mobiles-cols_1 valign_top type_default stacking_default\"><div class=\"wpb_column vc_column_container\"><div class=\"vc_column-inner\"><div class=\"wpb_text_column\"><div class=\"wpb_wrapper\"><h5>Datos de contacto<\/h5>\n<\/div><\/div><div class=\"w-separator size_medium\"><\/div><div class=\"w-contacts\"><div class=\"w-contacts-list\"><div class=\"w-contacts-item for_address\"><span class=\"w-contacts-item-value\">Avenue du General de Gaulle, 47, b, 1050 Brussels (Belgium)<\/span><\/div><div class=\"w-contacts-item for_phone\"><span class=\"w-contacts-item-value\">649463925 Conchi Rodr\u00edguez (Presidenta)<\/span><\/div><div class=\"w-contacts-item for_mobile\"><span class=\"w-contacts-item-value\">618195967 Elena Cores (Gestora)<\/span><\/div><div class=\"w-contacts-item for_email\"><span class=\"w-contacts-item-value\"><a href=\"mailto:epa.bruselas@gmail.com\">epa.bruselas@gmail.com<\/a><\/span><\/div><\/div><\/div><div class=\"w-separator size_large\"><\/div><div class=\"wpb_text_column\"><div class=\"wpb_wrapper\"><h5>S\u00edguenos<\/h5>\n<\/div><\/div><div class=\"w-separator size_medium\"><\/div><div class=\"w-socials color_text shape_square style_default hover_fade\"><div class=\"w-socials-list\"><div class=\"w-socials-item facebook\"><a class=\"w-socials-item-link\" href=\"https:\/\/www.facebook.com\/EPA-Empleados-P\u00fablicos-en-Abuso-102736885624697\" target=\"_blank\" rel=\"noopener nofollow\" title=\"Facebook\" aria-label=\"Facebook\"><span class=\"w-socials-item-link-hover\"><\/span><i class=\"fab fa-facebook\"><\/i><\/a><div class=\"w-socials-item-popup\"><span>Facebook<\/span><\/div><\/div><div class=\"w-socials-item twitter\"><a class=\"w-socials-item-link\" href=\"https:\/\/twitter.com\/PlataformaEPA\" target=\"_blank\" rel=\"noopener nofollow\" title=\"Twitter\" aria-label=\"Twitter\"><span class=\"w-socials-item-link-hover\"><\/span><i class=\"fab fa-twitter\"><\/i><\/a><div class=\"w-socials-item-popup\"><span>Twitter<\/span><\/div><\/div><div class=\"w-socials-item telegram\"><a class=\"w-socials-item-link\" href=\"https:\/\/t.me\/+AqhB4EmbQvw3ODQ0\" target=\"_blank\" rel=\"noopener nofollow\" title=\"Telegram\" aria-label=\"Telegram\"><span class=\"w-socials-item-link-hover\"><\/span><i class=\"fab fa-telegram\"><\/i><\/a><div class=\"w-socials-item-popup\"><span>Telegram<\/span><\/div><\/div><\/div><\/div><\/div><\/div><div class=\"wpb_column vc_column_container\"><div class=\"vc_column-inner\"><div class=\"wpb_text_column\"><div class=\"wpb_wrapper\"><h5>Formulario de contacto<\/h5>\n<\/div><\/div><div class=\"w-separator size_medium\"><\/div><form class=\"w-form  layout_ver for_cform us_form_1\" autocomplete=\"off\" action=\"https:\/\/empleadospublicosenabuso.org\/index.php\/wp-json\/wp\/v2\/pages\/17\" method=\"post\"><div class=\"w-form-h\"><div class=\"w-form-row for_text required\">\r\n\t\t<div class=\"w-form-row-field\">\r\n\t\t\t\t\t\t<input aria-label=\"Nombre y apellidos\" type=\"text\" name=\"us_form_1_text_1\" value placeholder=\"Nombre y apellidos *\" data-required=\"true\" aria-required=\"true\"\/>\r\n\t\t\t<\/div>\r\n\t\t<div class=\"w-form-row-state\">Rellena este campo<\/div>\r\n<\/div>\r\n<div class=\"w-form-row for_text required\">\r\n\t\t<div class=\"w-form-row-field\">\r\n\t\t\t\t\t\t<input aria-label=\"Tel\u00e9fono\" inputmode=\"tel\" type=\"text\" name=\"us_form_1_text_2\" value placeholder=\"Tel\u00e9fono *\" data-required=\"true\" aria-required=\"true\"\/>\r\n\t\t\t<\/div>\r\n\t\t<div class=\"w-form-row-state\">Rellena este campo<\/div>\r\n<\/div>\r\n<div class=\"w-form-row for_email required\">\r\n\t\t<div class=\"w-form-row-field\">\r\n\t\t\t\t\t\t<input aria-label=\"Tu e-mail\" type=\"email\" name=\"us_form_1_email_1\" value placeholder=\"Tu e-mail *\" data-required=\"true\" aria-required=\"true\"\/>\r\n\t\t\t<\/div>\r\n\t\t<div class=\"w-form-row-state\">Por favor, introduce una direcci\u00f3n de correo electr\u00f3nico v\u00e1lida.<\/div>\r\n<\/div>\r\n<div class=\"w-form-row for_textarea required\">\r\n\t\t<div class=\"w-form-row-field\">\r\n\t\t\t\t\t\t<textarea aria-label=\"Escribe tu consulta aqu\u00ed\" name=\"us_form_1_textarea_1\" placeholder=\"Escribe tu consulta aqu\u00ed *\" data-required=\"true\" aria-required=\"true\"><\/textarea>\r\n\t\t\t<\/div>\r\n\t\t<div class=\"w-form-row-state\">Rellena este campo<\/div>\r\n<\/div>\r\n<div class=\"w-form-row for_captcha required\">\r\n\t<div class=\"w-form-row-label\">\r\n\t\t<span> <span>28 - 15 = ?<\/span><\/span>\r\n\t<\/div>\r\n\t<div class=\"w-form-row-field\">\r\n\t\t\t\t<input type=\"hidden\" name=\"us_form_1_captcha_1_hash\" value=\"a4c18e2cf364f0825d0ec2d31e17d4b1\" \/>\r\n\t\t\t\t<input aria-label=\"us_form_1_captcha_1\" type=\"text\" name=\"us_form_1_captcha_1\" placeholder data-required=\"true\" aria-required=\"true\"\/>\r\n\t\t\t<\/div>\r\n\t\t\t<div class=\"w-form-row-description\">\r\n\t\t\tIntroduce el valor de la operaci\u00f3n matem\u00e1tica\t\t<\/div>\r\n\t\t<div class=\"w-form-row-state\">Escriba el resultado de la operaci\u00f3n para continuar<\/div>\r\n<\/div>\r\n<div class=\"w-form-row for_agreement required\">\r\n\t\t\t<div class=\"w-form-row-label\">\r\n\t\t\t<span>En relaci\u00f3n con el art. 21 de la LSSI, se le solicita consentimiento para el env\u00edo de publicidad, marque la casilla correspondiente: <span class=\"required\">*<\/span><\/span>\r\n\t\t<\/div>\r\n\t\t<div class=\"w-form-row-field\">\r\n\t\t\t\t<label>\r\n\t\t\t<input type=\"checkbox\" class=\"screen-reader-text\" value=\"1\" data-required=\"true\" aria-required=\"true\" name=\"us_form_1_agreement_1\"\/>\r\n\t\t\t<span class=\"w-form-checkbox\"><\/span>\r\n\t\t\t<span>Deseo recibir comunicaciones de Empleados P\u00fablicos en Abuso.<\/span>\r\n\t\t<\/label>\r\n\t\t\t<\/div>\r\n\t\t<div class=\"w-form-row-state\">Tienes que aprobar los t\u00e9rminos para continuar<\/div>\r\n<\/div>\r\n<div class=\"w-form-row for_agreement required\">\r\n\t\t<div class=\"w-form-row-field\">\r\n\t\t\t\t<label>\r\n\t\t\t<input type=\"checkbox\" class=\"screen-reader-text\" value=\"1\" data-required=\"true\" aria-required=\"true\" name=\"us_form_1_agreement_2\"\/>\r\n\t\t\t<span class=\"w-form-checkbox\"><\/span>\r\n\t\t\t<span>No deseo recibir comunicaciones de Empleados P\u00fablicos en Abuso. Conforme al art. 23 de la LO 3\/2018 le informamos que existen sistemas de exclusi\u00f3n publicitaria.<\/span>\r\n\t\t<\/label>\r\n\t\t\t<\/div>\r\n\t\t<div class=\"w-form-row-state\">Tienes que aprobar los t\u00e9rminos para continuar<\/div>\r\n<\/div>\r\n<div class=\"w-form-row for_agreement required\">\r\n\t\t<div class=\"w-form-row-field\">\r\n\t\t\t\t<label>\r\n\t\t\t<input type=\"checkbox\" class=\"screen-reader-text\" value=\"1\" data-required=\"true\" aria-required=\"true\" name=\"us_form_1_agreement_3\"\/>\r\n\t\t\t<span class=\"w-form-checkbox\"><\/span>\r\n\t\t\t<span>Declaro haber le\u00eddo y entendido la <a href=\"https:\/\/empleadospublicosenabuso.org\/index.php\/politica-de-privacidad\/\">Pol\u00edtica de privacidad<\/a><\/span>\r\n\t\t<\/label>\r\n\t\t\t<\/div>\r\n\t\t<div class=\"w-form-row-state\">Tienes que aprobar los t\u00e9rminos para continuar<\/div>\r\n<\/div>\r\n<input type=\"hidden\" name=\"action\" value=\"us_ajax_cform\" \/>\r\n<input type=\"hidden\" name=\"post_id\" value=\"0\" \/>\r\n<input type=\"hidden\" name=\"form_index\" value=\"1\" \/>\r\n<div class=\"w-form-row for_submit  align_none\">\r\n\t<button class=\"w-btn  us-btn-style_3\" aria-label=\"Enviar\" type=\"submit\">\r\n\t\t<span class=\"g-preloader type_1\"><\/span>\r\n\t\t\t\t<span class=\"w-btn-label\">Enviar<\/span>\r\n\t\t\t<\/button>\r\n\t<\/div>\r\n<\/div><div class=\"w-form-message\"><\/div><div class=\"w-form-json hidden\" onclick='return {&quot;ajaxurl&quot;:&quot;https:\\\/\\\/empleadospublicosenabuso.org\\\/wp-admin\\\/admin-ajax.php&quot;,&quot;messages&quot;:{&quot;err_empty&quot;:&quot;Rellena este campo&quot;,&quot;err_size&quot;:&quot;El tama\\u00f1o del archivo no puede exceder %s MB&quot;,&quot;err_extension&quot;:&quot;El tipo de archivo %s no est\\u00e1 permitido&quot;}}'><\/div><\/form><\/div><\/div><\/div><\/div><\/section>\n","protected":false},"excerpt":{"rendered":"ContactoDatos de contacto Avenue du General de Gaulle, 47, b, 1050 Brussels (Belgium)649463925 Conchi Rodr\u00edguez (Presidenta)618195967 Elena Cores (Gestora)epa.bruselas@gmail.comS\u00edguenos FacebookTwitterTelegramFormulario de contacto Rellena este campo Rellena este campo Por favor, introduce una direcci\u00f3n de correo electr\u00f3nico v\u00e1lida. Rellena este campo 16 - 7 = ? Introduce el valor de la operaci\u00f3n matem\u00e1tica Escriba el resultado...","protected":false},"author":1,"featured_media":172,"parent":0,"menu_order":0,"comment_status":"closed","ping_status":"closed","template":"","meta":{"footnotes":""},"acf":[],"_links":{"self":[{"href":"https:\/\/empleadospublicosenabuso.org\/index.php\/wp-json\/wp\/v2\/pages\/17"}],"collection":[{"href":"https:\/\/empleadospublicosenabuso.org\/index.php\/wp-json\/wp\/v2\/pages"}],"about":[{"href":"https:\/\/empleadospublicosenabuso.org\/index.php\/wp-json\/wp\/v2\/types\/page"}],"author":[{"embeddable":true,"href":"https:\/\/empleadospublicosenabuso.org\/index.php\/wp-json\/wp\/v2\/users\/1"}],"replies":[{"embeddable":true,"href":"https:\/\/empleadospublicosenabuso.org\/index.php\/wp-json\/wp\/v2\/comments?post=17"}],"version-history":[{"count":12,"href":"https:\/\/empleadospublicosenabuso.org\/index.php\/wp-json\/wp\/v2\/pages\/17\/revisions"}],"predecessor-version":[{"id":1374,"href":"https:\/\/empleadospublicosenabuso.org\/index.php\/wp-json\/wp\/v2\/pages\/17\/revisions\/1374"}],"wp:featuredmedia":[{"embeddable":true,"href":"https:\/\/empleadospublicosenabuso.org\/index.php\/wp-json\/wp\/v2\/media\/172"}],"wp:attachment":[{"href":"https:\/\/empleadospublicosenabuso.org\/index.php\/wp-json\/wp\/v2\/media?parent=17"}],"curies":[{"name":"wp","href":"https:\/\/api.w.org\/{rel}","templated":true}]}}